{"id":475,"date":"2020-11-11T11:13:43","date_gmt":"2020-11-11T11:13:43","guid":{"rendered":"https:\/\/lineadiretta.dev-rankeffect.de\/?page_id=475"},"modified":"2020-12-10T09:42:13","modified_gmt":"2020-12-10T09:42:13","slug":"bestellt-und-vereidigt","status":"publish","type":"page","link":"https:\/\/www.lineadiretta.de\/it\/leistungen\/bestellt-und-vereidigt\/","title":{"rendered":"bestellt und vereidigt"},"content":{"rendered":"<h1>Traduttrice ed interprete giurata<\/h1>\t\t\t\n\t\t\t<h3>Traduttrice e interprete giurata ed abilitata in Baviera per la lingua italiana<\/h3>\n\t\t\t\t<p>Documenti, contratti, deleghe, certificati, diplomi di scuola superiore ecc. Basandomi sui Suoi documenti posso calcolare un prezzo forfettario che include sia la traduzione che l\u2019asseverazione. Gli incarichi di interpretariato durante le trattative, le perizie, le visite mediche ecc. vengono calcolati individualmente in base alla tipologia dell\u2019incarico. Potr\u00e0 discutere dei dettagli e delle particolarit\u00e0 direttamente con me.<\/p>\n\t\t\t<a href=\"#kontakt\" target=\"_self\" role=\"button\" rel=\"noopener\">\n\t\t\t\t\t\t\tContatti\n\t\t<\/a>","protected":false},"excerpt":{"rendered":"<p>Traduttrice ed interprete giurata \u00d6ffentlich bestellt und allgemein beeidigt Als vom Pr\u00e4sidenten des Landgerichts M\u00fcnchen I \u00f6ffentlich bestellte und allgemein beeidigte Dolmetscherin und \u00dcbersetzerin f\u00fcr die italienische Sprache fertige ich Ihnen sehr gerne beglaubigte \u00dcbersetzungen von Urkunden, Vertr\u00e4gen, Vollmachten, Zeugnissen, Hochschulabschl\u00fcssen usw. an. Auf der Grundlage Ihrer Dokumente kalkuliere ich Ihnen gerne einen Pauschalpreis, der &hellip;<\/p>\n<p class=\"read-more\"> <a class=\"\" href=\"https:\/\/www.lineadiretta.de\/it\/leistungen\/bestellt-und-vereidigt\/\"> <span class=\"screen-reader-text\">bestellt und vereidigt<\/span> Leggi altro &raquo;<\/a><\/p>","protected":false},"author":1,"featured_media":0,"parent":426,"menu_order":0,"comment_status":"closed","ping_status":"closed","template":"","meta":{"site-sidebar-layout":"no-sidebar","site-content-layout":"page-builder","ast-main-header-display":"","ast-hfb-above-header-display":"","ast-hfb-below-header-display":"","ast-hfb-mobile-header-display":"","site-post-title":"disabled","ast-breadcrumbs-content":"","ast-featured-img":"disabled","footer-sml-layout":"","theme-transparent-header-meta":"enabled","adv-header-id-meta":"","stick-header-meta":"","header-above-stick-meta":"","header-main-stick-meta":"","header-below-stick-meta":""},"_links":{"self":[{"href":"https:\/\/www.lineadiretta.de\/it\/wp-json\/wp\/v2\/pages\/475"}],"collection":[{"href":"https:\/\/www.lineadiretta.de\/it\/wp-json\/wp\/v2\/pages"}],"about":[{"href":"https:\/\/www.lineadiretta.de\/it\/wp-json\/wp\/v2\/types\/page"}],"author":[{"embeddable":true,"href":"https:\/\/www.lineadiretta.de\/it\/wp-json\/wp\/v2\/users\/1"}],"replies":[{"embeddable":true,"href":"https:\/\/www.lineadiretta.de\/it\/wp-json\/wp\/v2\/comments?post=475"}],"version-history":[{"count":7,"href":"https:\/\/www.lineadiretta.de\/it\/wp-json\/wp\/v2\/pages\/475\/revisions"}],"predecessor-version":[{"id":553,"href":"https:\/\/www.lineadiretta.de\/it\/wp-json\/wp\/v2\/pages\/475\/revisions\/553"}],"up":[{"embeddable":true,"href":"https:\/\/www.lineadiretta.de\/it\/wp-json\/wp\/v2\/pages\/426"}],"wp:attachment":[{"href":"https:\/\/www.lineadiretta.de\/it\/wp-json\/wp\/v2\/media?parent=475"}],"curies":[{"name":"wp","href":"https:\/\/api.w.org\/{rel}","templated":true}]}}