{"id":473,"date":"2020-11-11T11:13:29","date_gmt":"2020-11-11T11:13:29","guid":{"rendered":"https:\/\/lineadiretta.dev-rankeffect.de\/?page_id=473"},"modified":"2020-12-10T09:43:50","modified_gmt":"2020-12-10T09:43:50","slug":"ferndolmetschen","status":"publish","type":"page","link":"https:\/\/www.lineadiretta.de\/it\/leistungen\/ferndolmetschen\/","title":{"rendered":"ferndolmetschen"},"content":{"rendered":"<h1>Interpretariato a distanza<\/h1>\t\t\t\n\t\t\t\t<p>Interprete di conferenza e traduttrice per la lingua italiana e fondatrice di LINEA DIRETTA nel 1998<\/p>\n\t\t\t<h3>Interpretariato a distanza<\/h3>\n\t\t\t\t<p>In qualit\u00e0 di interprete e traduttrice per la lingua italiana, nominata e certificata pubblicamente dal presidente del tribunale regionale di Monaco di Baviera I, posso offrirLe la traduzione giurata di documenti, contratti, deleghe, certificati, diplomi di scuola superiore ecc. Basandomi sui suoi documenti posso calcolare un prezzo forfettario che include sia la traduzione che l\u2019asseverazione. Gli incarichi di interpretariato durante le trattative, le perizie, le visite mediche ecc. vengono calcolati individualmente in base alla tipologia dell\u2019incarico. Potr\u00e0 discutere dei dettagli e delle particolarit\u00e0 direttamente con me.<\/p>\n\t\t\t<a href=\"#kontakt\" target=\"_self\" role=\"button\" rel=\"noopener\">\n\t\t\t\t\t\t\tContatti\n\t\t<\/a>","protected":false},"excerpt":{"rendered":"<p>Ferndolmetschen Konferenzdolmetscherin und \u00dcbersetzerin f\u00fcr die italienische Sprache mit \u00fcber 20 Jahren Berufserfahrung . Gr\u00fcnderin von LINEA DIRETTA in 1998 Ferndolmetschen Das Remotedolmetschen ist eine Form des Ferndolmetschens. Die Dolmetscher sind entweder in einem anderen Raum, oder gar an einem ganz anderen Ort. Die Zuh\u00f6rer sind dann per Video zugeschaltet, oder aber es wird per &hellip;<\/p>\n<p class=\"read-more\"> <a class=\"\" href=\"https:\/\/www.lineadiretta.de\/it\/leistungen\/ferndolmetschen\/\"> <span class=\"screen-reader-text\">ferndolmetschen<\/span> Leggi altro &raquo;<\/a><\/p>","protected":false},"author":1,"featured_media":0,"parent":426,"menu_order":0,"comment_status":"closed","ping_status":"closed","template":"","meta":{"site-sidebar-layout":"no-sidebar","site-content-layout":"page-builder","ast-main-header-display":"","ast-hfb-above-header-display":"","ast-hfb-below-header-display":"","ast-hfb-mobile-header-display":"","site-post-title":"disabled","ast-breadcrumbs-content":"","ast-featured-img":"disabled","footer-sml-layout":"","theme-transparent-header-meta":"enabled","adv-header-id-meta":"","stick-header-meta":"","header-above-stick-meta":"","header-main-stick-meta":"","header-below-stick-meta":""},"_links":{"self":[{"href":"https:\/\/www.lineadiretta.de\/it\/wp-json\/wp\/v2\/pages\/473"}],"collection":[{"href":"https:\/\/www.lineadiretta.de\/it\/wp-json\/wp\/v2\/pages"}],"about":[{"href":"https:\/\/www.lineadiretta.de\/it\/wp-json\/wp\/v2\/types\/page"}],"author":[{"embeddable":true,"href":"https:\/\/www.lineadiretta.de\/it\/wp-json\/wp\/v2\/users\/1"}],"replies":[{"embeddable":true,"href":"https:\/\/www.lineadiretta.de\/it\/wp-json\/wp\/v2\/comments?post=473"}],"version-history":[{"count":6,"href":"https:\/\/www.lineadiretta.de\/it\/wp-json\/wp\/v2\/pages\/473\/revisions"}],"predecessor-version":[{"id":555,"href":"https:\/\/www.lineadiretta.de\/it\/wp-json\/wp\/v2\/pages\/473\/revisions\/555"}],"up":[{"embeddable":true,"href":"https:\/\/www.lineadiretta.de\/it\/wp-json\/wp\/v2\/pages\/426"}],"wp:attachment":[{"href":"https:\/\/www.lineadiretta.de\/it\/wp-json\/wp\/v2\/media?parent=473"}],"curies":[{"name":"wp","href":"https:\/\/api.w.org\/{rel}","templated":true}]}}