{"id":405,"date":"2020-10-13T15:30:14","date_gmt":"2020-10-13T15:30:14","guid":{"rendered":"https:\/\/lineadiretta.dev-rankeffect.de\/?page_id=405"},"modified":"2024-10-28T14:46:08","modified_gmt":"2024-10-28T14:46:08","slug":"impressum","status":"publish","type":"page","link":"https:\/\/www.lineadiretta.de\/it\/impressum\/","title":{"rendered":"Impressum"},"content":{"rendered":"<p><strong>Impressum:<\/strong><br> USt-IdNr.\/VAT Nr. gem\u00e4\u00df \u00a7 27 a Umsatzsteuergesetz: DE206876716<br> Inhaltlich Verantwortlicher gem\u00e4\u00df \u00a7 10 Absatz 3 MDStV:<br> Beatrix Luz (Anschrift wie unten) <strong>Haftungshinweis:<\/strong><br> Trotz sorgf\u00e4ltiger inhaltlicher Kontrolle \u00fcbernehmen wir keine Haftung f\u00fcr die Inhalte externer Links. F\u00fcr den Inhalt der verlinkten Seiten sind ausschlie\u00dflich deren Betreiber verantwortlich. <strong>Webdesign<\/strong><br> rankeffect digital GmbH<br> Tel.: 089 \/ 6666 222 1<br> Web:\u00a0<a href=\"https:\/\/www.rankeffect.de\/online-marketing-agentur\/webdesign-agentur-muenchen\">https:\/\/www.rankeffect.de\/online-marketing-agentur\/webdesign-agentur-muenchen<\/a><\/p>","protected":false},"excerpt":{"rendered":"<p>Impressum: USt-IdNr.\/VAT Nr. gem\u00e4\u00df \u00a7 27 a Umsatzsteuergesetz: DE206876716 Inhaltlich Verantwortlicher gem\u00e4\u00df \u00a7 10 Absatz 3 MDStV: Beatrix Luz (Anschrift wie unten) Haftungshinweis: Trotz sorgf\u00e4ltiger inhaltlicher Kontrolle \u00fcbernehmen wir keine Haftung f\u00fcr die Inhalte externer Links. F\u00fcr den Inhalt der verlinkten Seiten sind ausschlie\u00dflich deren Betreiber verantwortlich. Webdesign rankeffect digital GmbH Tel.: 089 \/ 6666 &hellip;<\/p>\n<p class=\"read-more\"> <a class=\"\" href=\"https:\/\/www.lineadiretta.de\/it\/impressum\/\"> <span class=\"screen-reader-text\">Impressum<\/span> Leggi altro &raquo;<\/a><\/p>","protected":false},"author":1,"featured_media":0,"parent":0,"menu_order":0,"comment_status":"closed","ping_status":"closed","template":"","meta":{"site-sidebar-layout":"default","site-content-layout":"default","ast-main-header-display":"","ast-hfb-above-header-display":"","ast-hfb-below-header-display":"","ast-hfb-mobile-header-display":"","site-post-title":"","ast-breadcrumbs-content":"","ast-featured-img":"","footer-sml-layout":"","theme-transparent-header-meta":"default","adv-header-id-meta":"","stick-header-meta":"","header-above-stick-meta":"","header-main-stick-meta":"","header-below-stick-meta":""},"_links":{"self":[{"href":"https:\/\/www.lineadiretta.de\/it\/wp-json\/wp\/v2\/pages\/405"}],"collection":[{"href":"https:\/\/www.lineadiretta.de\/it\/wp-json\/wp\/v2\/pages"}],"about":[{"href":"https:\/\/www.lineadiretta.de\/it\/wp-json\/wp\/v2\/types\/page"}],"author":[{"embeddable":true,"href":"https:\/\/www.lineadiretta.de\/it\/wp-json\/wp\/v2\/users\/1"}],"replies":[{"embeddable":true,"href":"https:\/\/www.lineadiretta.de\/it\/wp-json\/wp\/v2\/comments?post=405"}],"version-history":[{"count":6,"href":"https:\/\/www.lineadiretta.de\/it\/wp-json\/wp\/v2\/pages\/405\/revisions"}],"predecessor-version":[{"id":595,"href":"https:\/\/www.lineadiretta.de\/it\/wp-json\/wp\/v2\/pages\/405\/revisions\/595"}],"wp:attachment":[{"href":"https:\/\/www.lineadiretta.de\/it\/wp-json\/wp\/v2\/media?parent=405"}],"curies":[{"name":"wp","href":"https:\/\/api.w.org\/{rel}","templated":true}]}}