{"id":13,"date":"2017-10-31T07:46:55","date_gmt":"2017-10-31T07:46:55","guid":{"rendered":"https:\/\/lineadiretta.dev-rankeffect.de\/about\/"},"modified":"2020-12-08T15:36:02","modified_gmt":"2020-12-08T15:36:02","slug":"uber-mich","status":"publish","type":"page","link":"https:\/\/www.lineadiretta.de\/it\/uber-mich\/","title":{"rendered":"Chi sono"},"content":{"rendered":"<h1>BEa Luz<\/h1>\t\t\t\n\t\t\t\t<p>Interprete di conferenza e traduttrice per la lingua italiana e fondatrice di LINEA DIRETTA nel 1998<\/p>\n\t\t\t<h3>Linea Diretta<\/h3><h3>Chi sono<\/h3>\n\t\t\t\t<p>Nel 1998 ho fondato Linea Diretta. Perch\u00e9 ho scelto questo nome? Perch\u00e9 come dice il nome stesso avr\u00e0 un contatto diretto con me: un\u2019esperta nel settore della traduzione, dell\u2019interpretariato e di consulenza per conferenze. Seguo e svolgo in prima persona tutti gli incarichi, senza intermediari e garantendoLe la miglior qualit\u00e0.\nChi sono: Ho frequentato per 6 anni l\u2019istituto di lingue e interpretariato di Monaco  (SDI), concludendo il mio percorso di studi con l\u2019esame finale per diventare interprete di conferenza per la lingua italiana e francese. Nel 1998 ho fondato Linea Diretta, con un ufficio nella parte occidentale della citt\u00e0, vicino al castello di Nymphenburg. Sin dall\u2019inizio della mia carriera  partecipo attivamente e su base volontaria alle attivit\u00e0 dell\u2019associazione nazionale tedesca per traduttori, BD\u00dc. Per vari anni sono stata membro del direttivo dell\u2019associazione tedesca per interpreti di conferenza VKD .<\/p>\n\t\t\t<a href=\"#kontakt\" target=\"_self\" role=\"button\" rel=\"noopener noreferrer\">\n\t\t\t\t\t\t\tContatti\n\t\t<\/a>","protected":false},"excerpt":{"rendered":"<p>BEa Luz Konferenzdolmetscherin und \u00dcbersetzerin f\u00fcr die italienische Sprache mit \u00fcber 20 Jahren Berufserfahrung . Gr\u00fcnderin von LINEA DIRETTA in 1998 Linea Diretta Die Historie 1998 gr\u00fcndete ich Linea Diretta. Warum dieser Name? Linea Diretta bedeutet direkter Draht, oder direkte Verbindung zu mir, Expertin f\u00fcr Dolmetschen, \u00dcbersetzen und Konferenzberatung. Die Auftr\u00e4ge werden von mir direkt &hellip;<\/p>\n<p class=\"read-more\"> <a class=\"\" href=\"https:\/\/www.lineadiretta.de\/it\/uber-mich\/\"> <span class=\"screen-reader-text\">Chi sono<\/span> Leggi altro &raquo;<\/a><\/p>","protected":false},"author":1,"featured_media":0,"parent":0,"menu_order":0,"comment_status":"closed","ping_status":"closed","template":"","meta":{"site-sidebar-layout":"no-sidebar","site-content-layout":"page-builder","ast-main-header-display":"","ast-hfb-above-header-display":"","ast-hfb-below-header-display":"","ast-hfb-mobile-header-display":"","site-post-title":"disabled","ast-breadcrumbs-content":"","ast-featured-img":"disabled","footer-sml-layout":"","theme-transparent-header-meta":"enabled","adv-header-id-meta":"","stick-header-meta":"","header-above-stick-meta":"","header-main-stick-meta":"","header-below-stick-meta":""},"_links":{"self":[{"href":"https:\/\/www.lineadiretta.de\/it\/wp-json\/wp\/v2\/pages\/13"}],"collection":[{"href":"https:\/\/www.lineadiretta.de\/it\/wp-json\/wp\/v2\/pages"}],"about":[{"href":"https:\/\/www.lineadiretta.de\/it\/wp-json\/wp\/v2\/types\/page"}],"author":[{"embeddable":true,"href":"https:\/\/www.lineadiretta.de\/it\/wp-json\/wp\/v2\/users\/1"}],"replies":[{"embeddable":true,"href":"https:\/\/www.lineadiretta.de\/it\/wp-json\/wp\/v2\/comments?post=13"}],"version-history":[{"count":4,"href":"https:\/\/www.lineadiretta.de\/it\/wp-json\/wp\/v2\/pages\/13\/revisions"}],"predecessor-version":[{"id":514,"href":"https:\/\/www.lineadiretta.de\/it\/wp-json\/wp\/v2\/pages\/13\/revisions\/514"}],"wp:attachment":[{"href":"https:\/\/www.lineadiretta.de\/it\/wp-json\/wp\/v2\/media?parent=13"}],"curies":[{"name":"wp","href":"https:\/\/api.w.org\/{rel}","templated":true}]}}