{"id":12,"date":"2017-10-31T07:44:48","date_gmt":"2017-10-31T07:44:48","guid":{"rendered":"https:\/\/lineadiretta.dev-rankeffect.de\/home\/"},"modified":"2023-06-20T10:03:55","modified_gmt":"2023-06-20T10:03:55","slug":"home","status":"publish","type":"page","link":"https:\/\/www.lineadiretta.de\/it\/","title":{"rendered":"Home"},"content":{"rendered":"<h1>LINEA DIRETTA BEA LUZ&nbsp;<\/h1>\t\t\t\n\t\t\t<a href=\"#kontakt\" target=\"_self\" role=\"button\" aria-label=\"Contatti\" rel=\"noopener\">\n\t\t\t\t\t\t\tContatti\n\t\t<\/a>\n\t\t\t\t<img src=\"https:\/\/lineadiretta.de\/wp-content\/uploads\/2020\/10\/vkd.png\" alt=\"vkd\" title=\"vkd\" itemprop=\"image\">\n\t\t\t\t<img src=\"https:\/\/lineadiretta.de\/wp-content\/uploads\/2020\/10\/logo-assointerpreti.png\" alt=\"logo-assointerpreti\" title=\"logo-assointerpreti\" itemprop=\"image\">\n\t\t\t<h5>Linea Diretta<\/h5><h3>Servizi<\/h3>\n\t<a href=\"https:\/\/www.lineadiretta.de\/it\/leistungen\/simultan\/\" target=\"_self\" aria-label=\"Go to https:\/\/www.lineadiretta.de\/leistungen\/simultan\/\" rel=\"noopener\"><\/a>\n\t\t\t\t<img src=\"https:\/\/www.lineadiretta.de\/wp-content\/uploads\/2017\/10\/icon02-free-img.png\" alt=\"icon02-free-img\" title=\"icon02-free-img\" itemprop=\"image\">\n\t\t<h4>Interpretariato in simultanea<\/h4>\t\t\t\n\t\t\t\t<p>L\u2019interpretariato in simultanea consiste nella riproduzione immediata di discorsi e interventi.<\/p>\n<p><a>per saperne di pi\u00f9<\/a><\/p>\n\t<a href=\"https:\/\/www.lineadiretta.de\/it\/leistungen\/konsekutiv\/\" target=\"_self\" aria-label=\"Go to https:\/\/www.lineadiretta.de\/leistungen\/konsekutiv\/\" rel=\"noopener\"><\/a>\n\t\t\t\t<img src=\"https:\/\/www.lineadiretta.de\/wp-content\/uploads\/2017\/11\/icon19-free-img.png\" alt=\"icon19-free-img\" title=\"icon19-free-img\" itemprop=\"image\">\n\t\t<h4>Interpretariato in consecutiva<\/h4>\t\t\t\n\t\t\t\t<p>L\u2019interpretariato in consecutiva consiste nel tradurre dalla lingua di partenza alla lingua di arrivo delle parti di discorso piuttosto lunghe durante la pausa dell\u2019oratore.<\/p>\n<p><a>per saperne di pi\u00f9<\/a><\/p>\n\t<a href=\"https:\/\/www.lineadiretta.de\/it\/leistungen\/ferndolmetschen\/\" target=\"_self\" aria-label=\"Go to https:\/\/www.lineadiretta.de\/leistungen\/ferndolmetschen\/\" rel=\"noopener\"><\/a>\n\t\t\t\t<img src=\"https:\/\/www.lineadiretta.de\/wp-content\/uploads\/2020\/10\/phone-call.png\" alt=\"phone-call\" title=\"phone-call\" itemprop=\"image\">\n\t\t<h4>Interpretariato a distanza<\/h4>\t\t\t\n\t\t\t\t<p>L\u2019interpretariato a distanza viene utilizzato quando una o pi\u00f9 parti coinvolte nella comunicazione non si trovano nella stessa stanza.<\/p>\n<p><a>per saperne di pi\u00f9<\/a><\/p>\n\t<a href=\"https:\/\/www.lineadiretta.de\/it\/leistungen\/konferenzberatung\/\" target=\"_self\" aria-label=\"Go to https:\/\/www.lineadiretta.de\/leistungen\/konferenzberatung\/\" rel=\"noopener\"><\/a>\n\t\t\t\t<img src=\"https:\/\/www.lineadiretta.de\/wp-content\/uploads\/2017\/10\/icon04-free-img.png\" alt=\"icon04-free-img\" title=\"icon04-free-img\" itemprop=\"image\">\n\t\t<h4>Consulenza<\/h4>\t\t\t\n\t\t\t\t<p>Posso offrirLe un pacchetto completo con un\u2019unica persona di riferimento, organizzando per il Suo evento sia \u00e9quipe di interpreti professionisti che occupandomi della parte tecnica.<\/p>\n<p><a>per saperne di pi\u00f9<\/a><\/p>\n\t<a href=\"https:\/\/www.lineadiretta.de\/it\/leistungen\/bestellt-und-vereidigt\/\" target=\"_self\" aria-label=\"Go to https:\/\/www.lineadiretta.de\/leistungen\/bestellt-und-vereidigt\/\" rel=\"noopener\"><\/a>\n\t\t\t\t<img src=\"https:\/\/www.lineadiretta.de\/wp-content\/uploads\/2017\/11\/icon18-free-img.png\" alt=\"icon18-free-img\" title=\"icon18-free-img\" itemprop=\"image\">\n\t\t<h4>Traduttrice e interprete giurata ed abilitata in Baviera per la lingua italiana<\/h4>\t\t\t\n\t\t\t\t<p>Traduzioni giurate di documenti come per esempio contratti, bilanci, certificati e servizi di interpretariato presso notai e tribunali.<\/p>\n<p><a>per saperne di pi\u00f9<\/a><\/p>\n\t\t\t<h3>Competenza ed esperienza pluriennale nel settore<\/h3>\t\t\t\n\t\t\t\t<p>La mia esperienza pluriennale come traduttrice e interprete di lingua italiana a Sua completa disposizione.<\/p>\n\t\t\t<a href=\"#kontakt\" target=\"_self\" role=\"button\" aria-label=\"Contatti\" rel=\"noopener\">\n\t\t\t\t\t\t\tContatti\n\t\t<\/a>\n\t\t\t\t<img src=\"https:\/\/lineadiretta.de\/wp-content\/uploads\/2020\/10\/beaLuzMinified.png\" alt=\"beaLuzMinified\" title=\"beaLuzMinified\" itemprop=\"image\">\n\t\t\t<h3>Bea Luz Linea Diretta <br> \u00dcbersetzungen &amp; Dolmetschen<\/h3>\t\t\t\n\t\t\t\t<p>Offro la massima professionalit\u00e0 e competenza nell'erogazione puntuale dei servizi linguistici e congressuali.\n\nSvolgo l'attivit\u00e0 di interprete di conferenza in simultanea, consecutiva, chuchotage e con sistema di traduzione \"bidule\" (visita guidata) tra l'Italia (Torino, Milano, Firenze, Roma) e tutto il territorio tedesco.&nbsp;<\/p>\n\t\t\t<h4>Dal 2014 sono socia di Assointerpreti, associazione che riunisce esclusivamente professionisti specializzati in traduzione simultanea e consecutiva.<\/h4>\t\t\t\n\t\t\t<h5>Linea Diretta<\/h5><h3>scatti al lavoro<\/h3>\n\t\t\t\t<img src=\"https:\/\/lineadiretta.de\/wp-content\/uploads\/2020\/11\/Eros-e1605091734767.jpg\" alt=\"Eros\" title=\"Eros\" itemprop=\"image\">\n\t\t\t\t\t\t\t\t<h3 class=\"uabb-testimonial-author-name testimonial-author-name\">Eros Ramazzotti<\/h3>\t\t\t\t\t\t\t\t\n\t\t\t\t\t\t\t\t\tInterpretazione \t\t\t\t\t\t\t\t\n\t\t\t\t\t\t\t<p>17.10.2012 &#8211; Dolmetschen in M\u00fcnchen mehrerer TV und Radio Interviews mit Eros Ramazzotti<\/p>\t\t\t\t\t\t\n\t\t\t\t<img src=\"https:\/\/lineadiretta.de\/wp-content\/uploads\/2020\/11\/stacks-image-e696628-302x220-1.png\" alt=\"stacks-image-e696628-302x220\" title=\"stacks-image-e696628-302x220\" itemprop=\"image\">\n\t\t\t\t\t\t\t\t<h3 class=\"uabb-testimonial-author-name testimonial-author-name\">Giovanni Trapattoni<\/h3>\t\t\t\t\t\t\t\t\n\t\t\t\t\t\t\t\t\tPresentazione del libro\t\t\t\t\t\t\t\t\n\t\t\t\t\t\t\t<p>15.09.2016 &#8211; Pressekonferenz im Bayerischen Hof M\u00fcnchen<br>Buchpr\u00e4sentation (DELIUS KLASING VERLAG) mit Giovanni Trapattoni<br>&#8222;Ich habe noch nicht fertig&#8220;<\/p>\t\t\t\t\t\t\n\t\t\t\t<img src=\"https:\/\/lineadiretta.de\/wp-content\/uploads\/2020\/11\/stacks-image-0529e89-574x382-1.png\" alt=\"stacks-image-0529e89-574x382\" title=\"stacks-image-0529e89-574x382\" itemprop=\"image\">\n\t\t\t\t\t\t\t\t<h3 class=\"uabb-testimonial-author-name testimonial-author-name\">Elio Guerrio<\/h3>\t\t\t\t\t\t\t\t\n\t\t\t\t\t\t\t\t\tInterpretariato in consecutiva\t\t\t\t\t\t\t\t\n\t\t\t\t\t\t\t<p>29.04.2018 &#8211; B\u00fcrgerhaus Pullach, Konsekutivdolmetschen des Vortrages von Elio Guerrio, Autor des Buches &#8222;Benedikt XVI, die Biografie&#8220;<\/p>\t\t\t\t\t\t\n\t\t\t\t<img src=\"https:\/\/lineadiretta.de\/wp-content\/uploads\/2020\/11\/Bea-Leoluca-Orlando-1.jpg\" alt=\"Bea-Leoluca-Orlando-1\" title=\"Bea-Leoluca-Orlando-1\" itemprop=\"image\">\n\t\t\t\t\t\t\t\t<h3 class=\"uabb-testimonial-author-name testimonial-author-name\">Leoluca Orlando<\/h3>\t\t\t\t\t\t\t\t\n\t\t\t\t\t\t\t\t\tInterpretazione \t\t\t\t\t\t\t\t\n\t\t\t\t\t\t\t<p>02.12.2019 &#8211; Verdolmetschung f\u00fcr den B\u00fcrgermeister von Palermo, Leoluca Orlando, im Rahmen der Veranstaltung \u201eKnut Terjung trifft\u2026.&#8220; In der Nikolaikirche in Hamburg und einem Treffen mit dem B\u00fcrgermeister Tschentscher im Hamburger Rathaus. Verdolmetschung des Interviews mit einem Journalisten des Hamburger Abendblattes (siehe Seite 10 des Hamburger Abendblattes vom 3.12.2019). Bilder von Manfred Gr\u00f6ning<\/p>\t\t\t\t\t\t\n\t\t\t\t<img src=\"https:\/\/www.lineadiretta.de\/wp-content\/uploads\/2022\/09\/4e24f795-b4e6-4f61-bdf0-30244da98b38.jpg\" alt=\"4e24f795-b4e6-4f61-bdf0-30244da98b38\" title=\"4e24f795-b4e6-4f61-bdf0-30244da98b38\" itemprop=\"image\">\n\t\t\t\t\t\t\t\t<h3 class=\"uabb-testimonial-author-name testimonial-author-name\">Petra Reski<\/h3>\t\t\t\t\t\t\t\t\n\t\t\t\t\t\t\t\t\tInterpretazione\t\t\t\t\t\t\t\t\n\t\t\t\t\t\t\t<p>23.06.2022 &#8211; Dolmetschen f\u00fcr Petra Reski, Journalistin und Schriftstellerin im Rahmen einer Konferenz \u00fcber Umweltkriminalit\u00e4t<\/p>\t\t\t\t\t\t\n\t\t\t\t<img src=\"https:\/\/www.lineadiretta.de\/wp-content\/uploads\/2023\/06\/Jesusleny4-scaled.jpg\" alt=\"Jesusleny4\" title=\"Jesusleny4\" itemprop=\"image\">\n\t\t\t\t\t\t\t\t<h3 class=\"uabb-testimonial-author-name testimonial-author-name\">Municipio Monaco di Baviera<\/h3>\t\t\t\t\t\t\t\t\n\t\t\t\t\t\t\t\t\tInterpretazione\t\t\t\t\t\t\t\t\n\t\t\t\t\t\t\t<p>09.06.2023 Interpretazione consecutiva italiano  tedesco presso il Municipio di Monaco di Baviera per l\u2019assessora Beatrix Burkhardt in occasione di un incontro di benvenuto a Jesuleny Gomes, Ambasciatrice del \u201cFuoco dell'Amicizia\u201d, raid automobilistico di promozione turistica snodatosi tra Austria e Germania.<\/p>\t\t\t\t\t\t\n\t\t\t<h5>Linea Diretta<\/h5><h3>ritratto video <\/h3>\n\t<meta itemprop=\"url\" content=\"https:\/\/www.lineadiretta.de\/wp-content\/uploads\/2020\/11\/Bea-Luz-Pressekonferenz-Computer.mp4\"><div style=\"width: 640px;\" class=\"wp-video\"><!--[if lt IE 9]><script>document.createElement('video');<\/script><![endif]-->\n<video class=\"wp-video-shortcode\" id=\"video-12-1\" width=\"640\" height=\"360\" poster=\"https:\/\/lineadiretta.de\/wp-content\/uploads\/2020\/11\/stacks-image-f05bd67.jpg\" preload=\"none\" controls=\"controls\"><source type=\"video\/mp4\" src=\"https:\/\/www.lineadiretta.de\/wp-content\/uploads\/2020\/11\/Bea-Luz-Pressekonferenz-Computer.mp4?_=1\" \/><a href=\"https:\/\/www.lineadiretta.de\/wp-content\/uploads\/2020\/11\/Bea-Luz-Pressekonferenz-Computer.mp4\">https:\/\/www.lineadiretta.de\/wp-content\/uploads\/2020\/11\/Bea-Luz-Pressekonferenz-Computer.mp4<\/a><\/video><\/div>\n\t<meta itemprop=\"url\" content=\"https:\/\/www.lineadiretta.de\/wp-content\/uploads\/2020\/11\/NEWS-Trapattoni.mp4\"><div style=\"width: 640px;\" class=\"wp-video\"><video class=\"wp-video-shortcode\" id=\"video-12-2\" width=\"640\" height=\"360\" poster=\"https:\/\/lineadiretta.de\/wp-content\/uploads\/2020\/11\/stacks-image-542f9e6.jpg\" preload=\"none\" controls=\"controls\"><source type=\"video\/mp4\" src=\"https:\/\/www.lineadiretta.de\/wp-content\/uploads\/2020\/11\/NEWS-Trapattoni.mp4?_=2\" \/><a href=\"https:\/\/www.lineadiretta.de\/wp-content\/uploads\/2020\/11\/NEWS-Trapattoni.mp4\">https:\/\/www.lineadiretta.de\/wp-content\/uploads\/2020\/11\/NEWS-Trapattoni.mp4<\/a><\/video><\/div>\n\t<meta itemprop=\"url\" content=\"https:\/\/www.lineadiretta.de\/wp-content\/uploads\/2020\/11\/Roberto-Saviano.mp4\"><div style=\"width: 640px;\" class=\"wp-video\"><video class=\"wp-video-shortcode\" id=\"video-12-3\" width=\"640\" height=\"360\" poster=\"https:\/\/lineadiretta.de\/wp-content\/uploads\/2020\/11\/stacks-image-06029d5.jpg\" preload=\"none\" controls=\"controls\"><source type=\"video\/mp4\" src=\"https:\/\/www.lineadiretta.de\/wp-content\/uploads\/2020\/11\/Roberto-Saviano.mp4?_=3\" \/><a href=\"https:\/\/www.lineadiretta.de\/wp-content\/uploads\/2020\/11\/Roberto-Saviano.mp4\">https:\/\/www.lineadiretta.de\/wp-content\/uploads\/2020\/11\/Roberto-Saviano.mp4<\/a><\/video><\/div>","protected":false},"excerpt":{"rendered":"<p>LINEA DIRETTA BEA LUZ&nbsp; Jetzt Kontakt aufnehmen Linea Diretta Meine Leistungen Simultan Simultandolmetschen bedeutet die \u00dcbertragung von Vortr\u00e4gen oder Reden fast in Echtzeit. mehr erfahren Konsekutiv Konsekutivdolmetschen ist das zeitversetzte \u00dcbertragen l\u00e4ngerer Redeabschnitte von der Ausgangs- in die Zielsprache. mehr erfahren Ferndolmetschen Ferndolmetschen wird eingesetzt, wenn einer oder mehrere Kommunikationsteilnehmer sich nicht im selben Raum &hellip;<\/p>\n<p class=\"read-more\"> <a class=\"\" href=\"https:\/\/www.lineadiretta.de\/it\/\"> <span class=\"screen-reader-text\">Home<\/span> Leggi altro &raquo;<\/a><\/p>","protected":false},"author":1,"featured_media":0,"parent":0,"menu_order":0,"comment_status":"closed","ping_status":"closed","template":"","meta":{"site-sidebar-layout":"no-sidebar","site-content-layout":"page-builder","ast-main-header-display":"","ast-hfb-above-header-display":"","ast-hfb-below-header-display":"","ast-hfb-mobile-header-display":"","site-post-title":"disabled","ast-breadcrumbs-content":"","ast-featured-img":"disabled","footer-sml-layout":"","theme-transparent-header-meta":"enabled","adv-header-id-meta":"","stick-header-meta":"","header-above-stick-meta":"","header-main-stick-meta":"","header-below-stick-meta":""},"_links":{"self":[{"href":"https:\/\/www.lineadiretta.de\/it\/wp-json\/wp\/v2\/pages\/12"}],"collection":[{"href":"https:\/\/www.lineadiretta.de\/it\/wp-json\/wp\/v2\/pages"}],"about":[{"href":"https:\/\/www.lineadiretta.de\/it\/wp-json\/wp\/v2\/types\/page"}],"author":[{"embeddable":true,"href":"https:\/\/www.lineadiretta.de\/it\/wp-json\/wp\/v2\/users\/1"}],"replies":[{"embeddable":true,"href":"https:\/\/www.lineadiretta.de\/it\/wp-json\/wp\/v2\/comments?post=12"}],"version-history":[{"count":46,"href":"https:\/\/www.lineadiretta.de\/it\/wp-json\/wp\/v2\/pages\/12\/revisions"}],"predecessor-version":[{"id":592,"href":"https:\/\/www.lineadiretta.de\/it\/wp-json\/wp\/v2\/pages\/12\/revisions\/592"}],"wp:attachment":[{"href":"https:\/\/www.lineadiretta.de\/it\/wp-json\/wp\/v2\/media?parent=12"}],"curies":[{"name":"wp","href":"https:\/\/api.w.org\/{rel}","templated":true}]}}